{"id":129,"date":"2025-03-25T17:57:29","date_gmt":"2025-03-25T16:57:29","guid":{"rendered":"https:\/\/cdvoile31.fr\/?page_id=129"},"modified":"2025-03-25T19:13:16","modified_gmt":"2025-03-25T18:13:16","slug":"le-cdv-31","status":"publish","type":"page","link":"https:\/\/cdvoile31.fr\/index.php\/le-cdv-31\/","title":{"rendered":"Le CDV 31"},"content":{"rendered":"\n<div class=\"wp-block-media-text is-stacked-on-mobile\" style=\"grid-template-columns:33% auto\"><figure class=\"wp-block-media-text__media\"><img loading=\"lazy\" decoding=\"async\" width=\"400\" height=\"126\" src=\"http:\/\/cdvoile31.fr\/wp-content\/uploads\/2025\/03\/images.jpg\" alt=\"\" class=\"wp-image-8 size-full\" srcset=\"https:\/\/cdvoile31.fr\/wp-content\/uploads\/2025\/03\/images.jpg 400w, https:\/\/cdvoile31.fr\/wp-content\/uploads\/2025\/03\/images-300x95.jpg 300w\" sizes=\"(max-width: 400px) 100vw, 400px\" \/><\/figure><div class=\"wp-block-media-text__content\">\n<p class=\"has-text-align-center\"><strong>Comit\u00e9 D\u00e9partemental de Voile&nbsp;<br>de la Haute Garonne 31<\/strong><\/p>\n<\/div><\/div>\n\n\n\n<p>En Haute Garonne 4 clubs affili\u00e9s \u00e0 la F\u00e9d\u00e9ration Fran\u00e7aise de Voile vous proposent des activit\u00e9s.<\/p>\n\n\n\n<p>A Carbonne, et Verfeil pour la voile l\u00e9g\u00e8re.<br>&nbsp;A Toulouse, en Atlantique et en&nbsp; M\u00e9diterran\u00e9e pour la croisi\u00e8re.<\/p>\n\n\n\n<p>1 Etablissement affili\u00e9 \u00e0 la F\u00e9d\u00e9ration Fran\u00e7aise de Voile \u00e0 L\u00e9guevin.<\/p>\n\n\n\n<hr class=\"wp-block-separator has-alpha-channel-opacity is-style-wide\"\/>\n\n\n\n<p>Le <strong>CDV 31<\/strong> est la composante d\u00e9partementale de la F\u00e9d\u00e9ration Fran\u00e7aise de Voile et regroupe des clubs de Voile du 31.<\/p>\n\n\n\n<div class=\"wp-block-columns is-layout-flex wp-container-core-columns-is-layout-9d6595d7 wp-block-columns-is-layout-flex\">\n<div class=\"wp-block-column is-layout-flow wp-block-column-is-layout-flow\" style=\"flex-basis:25%\"><\/div>\n\n\n\n<div class=\"wp-block-column is-layout-flow wp-block-column-is-layout-flow\" style=\"flex-basis:50%\">\n<p class=\"has-text-align-center\"><br><strong><em>Retrouvez tous les renseignements f\u00e9d\u00e9raux <br>sur ces 2 sites<\/em><\/strong><\/p>\n<\/div>\n\n\n\n<div class=\"wp-block-column is-layout-flow wp-block-column-is-layout-flow\" style=\"flex-basis:25%\"><\/div>\n<\/div>\n\n\n\n<hr class=\"wp-block-separator has-alpha-channel-opacity is-style-wide\"\/>\n\n\n\n<div class=\"wp-block-columns is-layout-flex wp-container-core-columns-is-layout-9d6595d7 wp-block-columns-is-layout-flex\">\n<div class=\"wp-block-column is-layout-flow wp-block-column-is-layout-flow\" style=\"flex-basis:25%\"><\/div>\n\n\n\n<div class=\"wp-block-column is-layout-flow wp-block-column-is-layout-flow\" style=\"flex-basis:50%\">\n<p class=\"has-text-align-center\">Le <strong>CDV 31<\/strong> fonctionne avec le soutien <br>du Minist\u00e8re des Sports, du CDOS31 et <br>du Conseil D\u00e9partemental de Haute Garonne.<\/p>\n<\/div>\n\n\n\n<div class=\"wp-block-column is-layout-flow wp-block-column-is-layout-flow\" style=\"flex-basis:25%\"><\/div>\n<\/div>\n","protected":false},"excerpt":{"rendered":"<p>Comit\u00e9 D\u00e9partemental de Voile&nbsp;de la Haute Garonne 31 En Haute Garonne 4 clubs affili\u00e9s \u00e0 la F\u00e9d\u00e9ration Fran\u00e7aise de Voile vous proposent des activit\u00e9s. A Carbonne, et Verfeil pour la voile l\u00e9g\u00e8re.&nbsp;A Toulouse, en Atlantique et en&nbsp; M\u00e9diterran\u00e9e pour la croisi\u00e8re. 1 Etablissement affili\u00e9 \u00e0 la F\u00e9d\u00e9ration Fran\u00e7aise de Voile \u00e0 L\u00e9guevin. Le CDV 31 [&hellip;]<\/p>\n","protected":false},"author":1,"featured_media":0,"parent":0,"menu_order":0,"comment_status":"closed","ping_status":"closed","template":"","meta":{"saved_in_kubio":true,"footnotes":""},"class_list":["post-129","page","type-page","status-publish","hentry"],"kubio_ai_page_context":{"short_desc":"","purpose":"general"},"_links":{"self":[{"href":"https:\/\/cdvoile31.fr\/index.php\/wp-json\/wp\/v2\/pages\/129","targetHints":{"allow":["GET"]}}],"collection":[{"href":"https:\/\/cdvoile31.fr\/index.php\/wp-json\/wp\/v2\/pages"}],"about":[{"href":"https:\/\/cdvoile31.fr\/index.php\/wp-json\/wp\/v2\/types\/page"}],"author":[{"embeddable":true,"href":"https:\/\/cdvoile31.fr\/index.php\/wp-json\/wp\/v2\/users\/1"}],"replies":[{"embeddable":true,"href":"https:\/\/cdvoile31.fr\/index.php\/wp-json\/wp\/v2\/comments?post=129"}],"version-history":[{"count":12,"href":"https:\/\/cdvoile31.fr\/index.php\/wp-json\/wp\/v2\/pages\/129\/revisions"}],"predecessor-version":[{"id":198,"href":"https:\/\/cdvoile31.fr\/index.php\/wp-json\/wp\/v2\/pages\/129\/revisions\/198"}],"wp:attachment":[{"href":"https:\/\/cdvoile31.fr\/index.php\/wp-json\/wp\/v2\/media?parent=129"}],"curies":[{"name":"wp","href":"https:\/\/api.w.org\/{rel}","templated":true}]}}